{"id":4552,"date":"2026-04-07T10:52:17","date_gmt":"2026-04-07T16:52:17","guid":{"rendered":"https:\/\/exmprifrut.com\/?post_type=product&#038;p=4552"},"modified":"2026-04-07T14:34:44","modified_gmt":"2026-04-07T20:34:44","slug":"jarabe-para-preparar-agua-de-sabor-jamaica-250-ml","status":"publish","type":"product","link":"https:\/\/exmprifrut.com\/index.php\/product\/jarabe-para-preparar-agua-de-sabor-jamaica-250-ml\/","title":{"rendered":"Jarabe para preparar agua de sabor JAMAICA, 250 ml"},"content":{"rendered":"<p><strong>Refrescante y tradicional sabor a flor de Jamaica natural.<\/strong><\/p>\n<ul>\n<li>Reduce la presi\u00f3n arterial, mejora la digesti\u00f3n, act\u00faa como antioxidante y contribuye a la p\u00e9rdida de peso.<\/li>\n<li>Rica en antioxidantes.<\/li>\n<li>Sabor \u00e1cido y floral caracter\u00edstico.<\/li>\n<li><strong>Ya endulzado, no requiere az\u00facar adicional.<\/strong><\/li>\n<li><strong>Ideal para aguas frescas, gelatinas y reposter\u00eda.<\/strong><\/li>\n<li><strong>Rinde hasta 2 litros ya preparado.<\/strong><\/li>\n<\/ul>\n<p>&nbsp;<\/p>\n","protected":false},"excerpt":{"rendered":"<p>Jarabe para preparar agua de sabor JAMAICA 250 ml<\/p>\n","protected":false},"featured_media":4548,"comment_status":"open","ping_status":"closed","template":"","meta":[],"product_brand":[],"product_cat":[75,43,53],"product_tag":[63,67,62,54],"class_list":{"0":"post-4552","1":"product","2":"type-product","3":"status-publish","4":"has-post-thumbnail","6":"product_cat-250ml","7":"product_cat-bebidas","8":"product_cat-jarabes","9":"product_tag-250ml","10":"product_tag-endulzado","11":"product_tag-jamaica","12":"product_tag-jarabe","14":"first","15":"instock","16":"sale","17":"shipping-taxable","18":"purchasable","19":"product-type-simple"},"jetpack_sharing_enabled":true,"_links":{"self":[{"href":"https:\/\/exmprifrut.com\/index.php\/wp-json\/wp\/v2\/product\/4552","targetHints":{"allow":["GET"]}}],"collection":[{"href":"https:\/\/exmprifrut.com\/index.php\/wp-json\/wp\/v2\/product"}],"about":[{"href":"https:\/\/exmprifrut.com\/index.php\/wp-json\/wp\/v2\/types\/product"}],"replies":[{"embeddable":true,"href":"https:\/\/exmprifrut.com\/index.php\/wp-json\/wp\/v2\/comments?post=4552"}],"wp:featuredmedia":[{"embeddable":true,"href":"https:\/\/exmprifrut.com\/index.php\/wp-json\/wp\/v2\/media\/4548"}],"wp:attachment":[{"href":"https:\/\/exmprifrut.com\/index.php\/wp-json\/wp\/v2\/media?parent=4552"}],"wp:term":[{"taxonomy":"product_brand","embeddable":true,"href":"https:\/\/exmprifrut.com\/index.php\/wp-json\/wp\/v2\/product_brand?post=4552"},{"taxonomy":"product_cat","embeddable":true,"href":"https:\/\/exmprifrut.com\/index.php\/wp-json\/wp\/v2\/product_cat?post=4552"},{"taxonomy":"product_tag","embeddable":true,"href":"https:\/\/exmprifrut.com\/index.php\/wp-json\/wp\/v2\/product_tag?post=4552"}],"curies":[{"name":"wp","href":"https:\/\/api.w.org\/{rel}","templated":true}]}}