{"id":4562,"date":"2026-04-07T14:19:29","date_gmt":"2026-04-07T20:19:29","guid":{"rendered":"https:\/\/exmprifrut.com\/?post_type=product&#038;p=4562"},"modified":"2026-04-07T14:35:05","modified_gmt":"2026-04-07T20:35:05","slug":"jarabe-para-preparar-agua-de-sabor-horchata-arroz-premium-250-ml","status":"publish","type":"product","link":"https:\/\/exmprifrut.com\/index.php\/product\/jarabe-para-preparar-agua-de-sabor-horchata-arroz-premium-250-ml\/","title":{"rendered":"Jarabe para preparar agua de sabor HORCHATA ARROZ PREMIUM, 250 ml"},"content":{"rendered":"<p><strong>Horchata elaborada artesanalmente, con un proceso m\u00e1s cuidado para un sabor m\u00e1s aut\u00e9ntico.<\/strong><\/p>\n<ul>\n<li>M\u00e1s cremosa y natural por su preparaci\u00f3n artesanal.<\/li>\n<li><strong>Ya endulzado, no requiere az\u00facar adicional.<\/strong><\/li>\n<li><strong>Ideal para bebidas fr\u00edas y postres tradicionales.<\/strong><\/li>\n<li><strong>Rinde hasta 2 litros ya preparado.<\/strong><\/li>\n<\/ul>\n","protected":false},"excerpt":{"rendered":"<p>Jarabe para preparar agua de sabor HORCHATA ARROZ PREMIUM 250 ml<\/p>\n","protected":false},"featured_media":4563,"comment_status":"open","ping_status":"closed","template":"","meta":[],"product_brand":[],"product_cat":[75,43,53],"product_tag":[63,69,67,68,54,71],"class_list":{"0":"post-4562","1":"product","2":"type-product","3":"status-publish","4":"has-post-thumbnail","6":"product_cat-250ml","7":"product_cat-bebidas","8":"product_cat-jarabes","9":"product_tag-250ml","10":"product_tag-arroz","11":"product_tag-endulzado","12":"product_tag-horchata","13":"product_tag-jarabe","14":"product_tag-premium","16":"first","17":"instock","18":"sale","19":"shipping-taxable","20":"purchasable","21":"product-type-simple"},"jetpack_sharing_enabled":true,"_links":{"self":[{"href":"https:\/\/exmprifrut.com\/index.php\/wp-json\/wp\/v2\/product\/4562","targetHints":{"allow":["GET"]}}],"collection":[{"href":"https:\/\/exmprifrut.com\/index.php\/wp-json\/wp\/v2\/product"}],"about":[{"href":"https:\/\/exmprifrut.com\/index.php\/wp-json\/wp\/v2\/types\/product"}],"replies":[{"embeddable":true,"href":"https:\/\/exmprifrut.com\/index.php\/wp-json\/wp\/v2\/comments?post=4562"}],"wp:featuredmedia":[{"embeddable":true,"href":"https:\/\/exmprifrut.com\/index.php\/wp-json\/wp\/v2\/media\/4563"}],"wp:attachment":[{"href":"https:\/\/exmprifrut.com\/index.php\/wp-json\/wp\/v2\/media?parent=4562"}],"wp:term":[{"taxonomy":"product_brand","embeddable":true,"href":"https:\/\/exmprifrut.com\/index.php\/wp-json\/wp\/v2\/product_brand?post=4562"},{"taxonomy":"product_cat","embeddable":true,"href":"https:\/\/exmprifrut.com\/index.php\/wp-json\/wp\/v2\/product_cat?post=4562"},{"taxonomy":"product_tag","embeddable":true,"href":"https:\/\/exmprifrut.com\/index.php\/wp-json\/wp\/v2\/product_tag?post=4562"}],"curies":[{"name":"wp","href":"https:\/\/api.w.org\/{rel}","templated":true}]}}