{"id":4571,"date":"2026-04-07T14:40:54","date_gmt":"2026-04-07T20:40:54","guid":{"rendered":"https:\/\/exmprifrut.com\/?post_type=product&#038;p=4571"},"modified":"2026-04-07T14:40:54","modified_gmt":"2026-04-07T20:40:54","slug":"jarabe-para-preparar-agua-de-sabor-pistache-250-ml","status":"publish","type":"product","link":"https:\/\/exmprifrut.com\/index.php\/product\/jarabe-para-preparar-agua-de-sabor-pistache-250-ml\/","title":{"rendered":"Jarabe para preparar agua de sabor PISTACHE, 250 ml"},"content":{"rendered":"<p><strong>Sabor suave y cremoso con notas tostadas del pistache.<\/strong><\/p>\n<p><strong>Ingredientes:<\/strong> Concentrado de pistache, agua, az\u00facar, \u00e1cido c\u00edtrico y benzoato de sodio como conservador.<\/p>\n<ul>\n<li>Sabor gourmet y distinguido.<\/li>\n<li><strong>Ya endulzado, no requiere az\u00facar adicional.<\/strong><\/li>\n<li><strong>Ideal para bebidas cremosas, helados y reposter\u00eda.<\/strong><\/li>\n<li><strong>Rinde hasta 2 litros ya preparado.<\/strong><\/li>\n<\/ul>\n","protected":false},"excerpt":{"rendered":"<p>Jarabe para preparar agua de sabor PISTACHE, 250 ml<\/p>\n","protected":false},"featured_media":4572,"comment_status":"open","ping_status":"closed","template":"","meta":[],"product_brand":[],"product_cat":[75,43,53,44],"product_tag":[63,67,54,76],"class_list":{"0":"post-4571","1":"product","2":"type-product","3":"status-publish","4":"has-post-thumbnail","6":"product_cat-250ml","7":"product_cat-bebidas","8":"product_cat-jarabes","9":"product_cat-jarabes-concentrados","10":"product_tag-250ml","11":"product_tag-endulzado","12":"product_tag-jarabe","13":"product_tag-pistache","15":"first","16":"instock","17":"sale","18":"shipping-taxable","19":"purchasable","20":"product-type-simple"},"jetpack_sharing_enabled":true,"_links":{"self":[{"href":"https:\/\/exmprifrut.com\/index.php\/wp-json\/wp\/v2\/product\/4571","targetHints":{"allow":["GET"]}}],"collection":[{"href":"https:\/\/exmprifrut.com\/index.php\/wp-json\/wp\/v2\/product"}],"about":[{"href":"https:\/\/exmprifrut.com\/index.php\/wp-json\/wp\/v2\/types\/product"}],"replies":[{"embeddable":true,"href":"https:\/\/exmprifrut.com\/index.php\/wp-json\/wp\/v2\/comments?post=4571"}],"wp:featuredmedia":[{"embeddable":true,"href":"https:\/\/exmprifrut.com\/index.php\/wp-json\/wp\/v2\/media\/4572"}],"wp:attachment":[{"href":"https:\/\/exmprifrut.com\/index.php\/wp-json\/wp\/v2\/media?parent=4571"}],"wp:term":[{"taxonomy":"product_brand","embeddable":true,"href":"https:\/\/exmprifrut.com\/index.php\/wp-json\/wp\/v2\/product_brand?post=4571"},{"taxonomy":"product_cat","embeddable":true,"href":"https:\/\/exmprifrut.com\/index.php\/wp-json\/wp\/v2\/product_cat?post=4571"},{"taxonomy":"product_tag","embeddable":true,"href":"https:\/\/exmprifrut.com\/index.php\/wp-json\/wp\/v2\/product_tag?post=4571"}],"curies":[{"name":"wp","href":"https:\/\/api.w.org\/{rel}","templated":true}]}}